{"id":97,"date":"2026-02-09T15:43:54","date_gmt":"2026-02-09T15:43:54","guid":{"rendered":"http:\/\/bcudspe.cluster121.hosting.ovh.net\/index.php\/contact\/"},"modified":"2026-02-11T09:32:50","modified_gmt":"2026-02-11T09:32:50","slug":"contact","status":"publish","type":"page","link":"http:\/\/engage-lab.fr\/index.php\/contact\/","title":{"rendered":"Contact"},"content":{"rendered":"<style>.kb-row-layout-id97_04510f-f1 > .kt-row-column-wrap{align-content:end;}:where(.kb-row-layout-id97_04510f-f1 > .kt-row-column-wrap) > .wp-block-kadence-column{justify-content:end;}.kb-row-layout-id97_04510f-f1 > .kt-row-column-wrap{column-gap:var(--global-kb-gap-md, 2rem);row-gap:var(--global-kb-gap-md, 2rem);max-width:var( --global-content-width, 1290px );padding-left:var(--global-content-edge-padding);padding-right:var(--global-content-edge-padding);padding-top:var(--global-kb-spacing-5xl, 10rem);padding-bottom:var(--global-kb-spacing-4xl, 8rem);min-height:600px;grid-template-columns:minmax(0, 1fr);}.kb-row-layout-id97_04510f-f1{background-image:url('http:\/\/bcudspe.cluster121.hosting.ovh.net\/wp-content\/uploads\/2026\/02\/a-teacher-guiding-teenagers-through-a-school.jpeg');background-size:cover;background-position:center center;background-attachment:scroll;background-repeat:no-repeat;}.kb-row-layout-id97_04510f-f1 > .kt-row-layout-overlay{opacity:0.85;background-color:var(--global-palette3, #1A202C);mix-blend-mode:normal;}@media all and (max-width: 1024px){.kb-row-layout-id97_04510f-f1 > .kt-row-column-wrap{grid-template-columns:minmax(0, 1fr);}}@media all and (max-width: 767px){.kb-row-layout-id97_04510f-f1 > .kt-row-column-wrap{padding-top:var(--global-kb-spacing-xl, 4rem);padding-bottom:var(--global-kb-spacing-xl, 4rem);grid-template-columns:minmax(0, 1fr);}}<\/style><div class=\"kb-row-layout-wrap kb-row-layout-id97_04510f-f1 alignfull kt-row-has-bg wp-block-kadence-rowlayout\"><div class=\"kt-row-layout-overlay kt-row-overlay-normal\"><\/div><div class=\"kt-row-column-wrap kt-has-1-columns kt-row-layout-equal kt-tab-layout-inherit kt-mobile-layout-row kt-row-valign-bottom kb-theme-content-width\">\n<style>.kadence-column97_775832-04 > .kt-inside-inner-col,.kadence-column97_775832-04 > .kt-inside-inner-col:before{border-top-left-radius:0px;border-top-right-radius:0px;border-bottom-right-radius:0px;border-bottom-left-radius:0px;}.kadence-column97_775832-04 > .kt-inside-inner-col{column-gap:var(--global-kb-gap-sm, 1rem);}.kadence-column97_775832-04 > .kt-inside-inner-col{flex-direction:column;}.kadence-column97_775832-04 > .kt-inside-inner-col > .aligncenter{width:100%;}.kadence-column97_775832-04 > .kt-inside-inner-col:before{opacity:0.3;}.kadence-column97_775832-04{position:relative;}@media all and (max-width: 1024px){.kadence-column97_775832-04 > .kt-inside-inner-col{flex-direction:column;justify-content:center;}}@media all and (max-width: 767px){.kadence-column97_775832-04 > .kt-inside-inner-col{flex-direction:column;justify-content:center;}}<\/style>\n<div class=\"wp-block-kadence-column kadence-column97_775832-04 inner-column-1\"><div class=\"kt-inside-inner-col\"><style>.wp-block-kadence-spacer.kt-block-spacer-97_b258b3-ac .kt-block-spacer{height:40px;}.wp-block-kadence-spacer.kt-block-spacer-97_b258b3-ac .kt-divider{border-top-width:1px;height:1px;border-top-color:var(--global-palette1, #3182CE);width:15%;border-top-style:solid;}<\/style>\n<div class=\"wp-block-kadence-spacer aligncenter kt-block-spacer-97_b258b3-ac\"><div class=\"kt-block-spacer kt-block-spacer-halign-center\"><hr class=\"kt-divider\"\/><\/div><\/div>\n\n\n<style>.wp-block-kadence-advancedheading.kt-adv-heading97_3a3abd-cb, .wp-block-kadence-advancedheading.kt-adv-heading97_3a3abd-cb[data-kb-block=\"kb-adv-heading97_3a3abd-cb\"]{padding-top:0px;margin-top:0px;text-align:center;font-size:var(--global-kb-font-size-lg, 2rem);line-height:1.1;font-style:normal;}.wp-block-kadence-advancedheading.kt-adv-heading97_3a3abd-cb mark.kt-highlight, .wp-block-kadence-advancedheading.kt-adv-heading97_3a3abd-cb[data-kb-block=\"kb-adv-heading97_3a3abd-cb\"] mark.kt-highlight{font-style:normal;color:#f76a0c;-webkit-box-decoration-break:clone;box-decoration-break:clone;padding-top:0px;padding-right:0px;padding-bottom:0px;padding-left:0px;}.wp-block-kadence-advancedheading.kt-adv-heading97_3a3abd-cb img.kb-inline-image, .wp-block-kadence-advancedheading.kt-adv-heading97_3a3abd-cb[data-kb-block=\"kb-adv-heading97_3a3abd-cb\"] img.kb-inline-image{width:150px;vertical-align:baseline;}@media all and (max-width: 1024px){.wp-block-kadence-advancedheading.kt-adv-heading97_3a3abd-cb, .wp-block-kadence-advancedheading.kt-adv-heading97_3a3abd-cb[data-kb-block=\"kb-adv-heading97_3a3abd-cb\"]{font-size:60px;}}@media all and (max-width: 767px){.wp-block-kadence-advancedheading.kt-adv-heading97_3a3abd-cb, .wp-block-kadence-advancedheading.kt-adv-heading97_3a3abd-cb[data-kb-block=\"kb-adv-heading97_3a3abd-cb\"]{font-size:40px;}}<\/style>\n<h1 class=\"kt-adv-heading97_3a3abd-cb wp-block-kadence-advancedheading has-theme-palette-9-color has-text-color\" data-kb-block=\"kb-adv-heading97_3a3abd-cb\">Prenons contact !<\/h1>\n\n\n<style>.wp-block-kadence-advancedheading.kt-adv-heading97_780dd4-a1, .wp-block-kadence-advancedheading.kt-adv-heading97_780dd4-a1[data-kb-block=\"kb-adv-heading97_780dd4-a1\"]{max-width:600px;margin-right:auto;margin-left:auto;text-align:center;font-style:normal;}.wp-block-kadence-advancedheading.kt-adv-heading97_780dd4-a1 mark.kt-highlight, .wp-block-kadence-advancedheading.kt-adv-heading97_780dd4-a1[data-kb-block=\"kb-adv-heading97_780dd4-a1\"] mark.kt-highlight{font-style:normal;color:#f76a0c;-webkit-box-decoration-break:clone;box-decoration-break:clone;padding-top:0px;padding-right:0px;padding-bottom:0px;padding-left:0px;}.wp-block-kadence-advancedheading.kt-adv-heading97_780dd4-a1 img.kb-inline-image, .wp-block-kadence-advancedheading.kt-adv-heading97_780dd4-a1[data-kb-block=\"kb-adv-heading97_780dd4-a1\"] img.kb-inline-image{width:150px;vertical-align:baseline;}<\/style>\n<p class=\"kt-adv-heading97_780dd4-a1 wp-block-kadence-advancedheading has-theme-palette-8-color has-text-color\" data-kb-block=\"kb-adv-heading97_780dd4-a1\">Cr\u00e9er des actions qui comptent commence par une conversation.<\/p>\n<\/div><\/div>\n\n<\/div><\/div>\n\n<style>.kb-row-layout-id97_1e7ef6-6e > .kt-row-column-wrap{align-content:start;}:where(.kb-row-layout-id97_1e7ef6-6e > .kt-row-column-wrap) > .wp-block-kadence-column{justify-content:start;}.kb-row-layout-id97_1e7ef6-6e > .kt-row-column-wrap{column-gap:var(--global-kb-gap-md, 2rem);row-gap:var(--global-kb-gap-md, 2rem);max-width:var( --global-content-width, 1290px );padding-left:var(--global-content-edge-padding);padding-right:var(--global-content-edge-padding);padding-top:var(--global-kb-spacing-xl, 4rem);padding-bottom:var(--global-kb-spacing-xl, 4rem);grid-template-columns:minmax(0, 1fr);}.kb-row-layout-id97_1e7ef6-6e > .kt-row-layout-overlay{opacity:0.00;}@media all and (max-width: 1024px){.kb-row-layout-id97_1e7ef6-6e > .kt-row-column-wrap{grid-template-columns:minmax(0, 1fr);}}@media all and (max-width: 767px){.kb-row-layout-id97_1e7ef6-6e > .kt-row-column-wrap{grid-template-columns:minmax(0, 1fr);}}<\/style><div class=\"kb-row-layout-wrap kb-row-layout-id97_1e7ef6-6e alignfull has-theme-palette9-background-color kt-row-has-bg wp-block-kadence-rowlayout\"><div class=\"kt-row-column-wrap kt-has-2-columns kt-row-layout-row kt-tab-layout-inherit kt-mobile-layout-row kt-row-valign-top kb-theme-content-width\">\n<style>.kadence-column97_c1a453-d4 > .kt-inside-inner-col{padding-right:var(--global-kb-spacing-5xl, 10rem);padding-left:var(--global-kb-spacing-5xl, 10rem);}.kadence-column97_c1a453-d4 > .kt-inside-inner-col,.kadence-column97_c1a453-d4 > .kt-inside-inner-col:before{border-top-left-radius:0px;border-top-right-radius:0px;border-bottom-right-radius:0px;border-bottom-left-radius:0px;}.kadence-column97_c1a453-d4 > .kt-inside-inner-col{column-gap:var(--global-kb-gap-sm, 1rem);}.kadence-column97_c1a453-d4 > .kt-inside-inner-col{flex-direction:column;}.kadence-column97_c1a453-d4 > .kt-inside-inner-col > .aligncenter{width:100%;}.kadence-column97_c1a453-d4 > .kt-inside-inner-col:before{opacity:0.3;}.kadence-column97_c1a453-d4{text-align:center;}.kadence-column97_c1a453-d4{position:relative;}.kadence-column97_c1a453-d4, .kt-inside-inner-col > .kadence-column97_c1a453-d4:not(.specificity){margin-right:var(--global-kb-spacing-3xl, 6.5rem);margin-left:var(--global-kb-spacing-3xl, 6.5rem);}@media all and (max-width: 1024px){.kadence-column97_c1a453-d4 > .kt-inside-inner-col{padding-right:var(--global-kb-spacing-xl, 4rem);padding-left:var(--global-kb-spacing-xl, 4rem);flex-direction:column;justify-content:center;}}@media all and (max-width: 1024px){.kadence-column97_c1a453-d4, .kt-inside-inner-col > .kadence-column97_c1a453-d4:not(.specificity){margin-right:var(--global-kb-spacing-md, 2rem);margin-left:var(--global-kb-spacing-md, 2rem);}}@media all and (max-width: 767px){.kadence-column97_c1a453-d4 > .kt-inside-inner-col{padding-right:0px;padding-left:0px;flex-direction:column;justify-content:center;}.kadence-column97_c1a453-d4, .kt-inside-inner-col > .kadence-column97_c1a453-d4:not(.specificity){margin-right:0px;margin-left:0px;}}<\/style>\n<div class=\"wp-block-kadence-column kadence-column97_c1a453-d4\"><div class=\"kt-inside-inner-col\"><style>.wp-block-kadence-spacer.kt-block-spacer-97_c06f80-c6 .kt-block-spacer{height:40px;}.wp-block-kadence-spacer.kt-block-spacer-97_c06f80-c6 .kt-divider{border-top-width:1px;height:1px;border-top-color:var(--global-palette1, #3182CE);width:15%;border-top-style:solid;}<\/style>\n<div class=\"wp-block-kadence-spacer aligncenter kt-block-spacer-97_c06f80-c6\"><div class=\"kt-block-spacer kt-block-spacer-halign-center\"><hr class=\"kt-divider\"\/><\/div><\/div>\n\n\n<style>.wp-block-kadence-advancedheading.kt-adv-heading97_dac18a-f1, .wp-block-kadence-advancedheading.kt-adv-heading97_dac18a-f1[data-kb-block=\"kb-adv-heading97_dac18a-f1\"]{max-width:500px;margin-right:auto;margin-left:auto;padding-top:0px;padding-bottom:var(--global-kb-spacing-xs, 1rem);margin-top:0px;margin-bottom:var(--global-kb-spacing-xxs, 0.5rem);text-align:center;font-size:32px;line-height:1.2;font-weight:600;font-style:normal;}.wp-block-kadence-advancedheading.kt-adv-heading97_dac18a-f1 mark.kt-highlight, .wp-block-kadence-advancedheading.kt-adv-heading97_dac18a-f1[data-kb-block=\"kb-adv-heading97_dac18a-f1\"] mark.kt-highlight{font-style:normal;color:#f76a0c;-webkit-box-decoration-break:clone;box-decoration-break:clone;padding-top:0px;padding-right:0px;padding-bottom:0px;padding-left:0px;}.wp-block-kadence-advancedheading.kt-adv-heading97_dac18a-f1 img.kb-inline-image, .wp-block-kadence-advancedheading.kt-adv-heading97_dac18a-f1[data-kb-block=\"kb-adv-heading97_dac18a-f1\"] img.kb-inline-image{width:150px;vertical-align:baseline;}<\/style>\n<h2 class=\"kt-adv-heading97_dac18a-f1 wp-block-kadence-advancedheading has-theme-palette-3-color has-text-color\" data-kb-block=\"kb-adv-heading97_dac18a-f1\">Parlons de ton projet<\/h2>\n\n\n<style>.wp-block-kadence-advancedheading.kt-adv-heading97_c92bd5-18, .wp-block-kadence-advancedheading.kt-adv-heading97_c92bd5-18[data-kb-block=\"kb-adv-heading97_c92bd5-18\"]{max-width:500px;margin-right:auto;margin-left:auto;text-align:center;font-style:normal;}.wp-block-kadence-advancedheading.kt-adv-heading97_c92bd5-18 mark.kt-highlight, .wp-block-kadence-advancedheading.kt-adv-heading97_c92bd5-18[data-kb-block=\"kb-adv-heading97_c92bd5-18\"] mark.kt-highlight{font-style:normal;color:#f76a0c;-webkit-box-decoration-break:clone;box-decoration-break:clone;padding-top:0px;padding-right:0px;padding-bottom:0px;padding-left:0px;}.wp-block-kadence-advancedheading.kt-adv-heading97_c92bd5-18 img.kb-inline-image, .wp-block-kadence-advancedheading.kt-adv-heading97_c92bd5-18[data-kb-block=\"kb-adv-heading97_c92bd5-18\"] img.kb-inline-image{width:150px;vertical-align:baseline;}<\/style>\n<p class=\"kt-adv-heading97_c92bd5-18 wp-block-kadence-advancedheading has-theme-palette-3-color has-text-color\" data-kb-block=\"kb-adv-heading97_c92bd5-18\">Tu as une id\u00e9e d\u2019atelier, une formation \u00e0 cr\u00e9er ou \u00e0 am\u00e9liorer ?<br>Tu cherches un regard ext\u00e9rieur pour renforcer l\u2019impact de tes actions ?<br><br>Engage Lab&rsquo; est l\u00e0 pour t&rsquo;aider.<\/p>\n<\/div><\/div>\n\n\n<style>.kadence-column97_14d57e-cd > .kt-inside-inner-col,.kadence-column97_14d57e-cd > .kt-inside-inner-col:before{border-top-left-radius:0px;border-top-right-radius:0px;border-bottom-right-radius:0px;border-bottom-left-radius:0px;}.kadence-column97_14d57e-cd > .kt-inside-inner-col{column-gap:var(--global-kb-gap-sm, 1rem);}.kadence-column97_14d57e-cd > .kt-inside-inner-col{flex-direction:column;}.kadence-column97_14d57e-cd > .kt-inside-inner-col > .aligncenter{width:100%;}.kadence-column97_14d57e-cd > .kt-inside-inner-col:before{opacity:0.3;}.kadence-column97_14d57e-cd{position:relative;}@media all and (max-width: 1024px){.kadence-column97_14d57e-cd > .kt-inside-inner-col{flex-direction:column;justify-content:center;}}@media all and (max-width: 767px){.kadence-column97_14d57e-cd > .kt-inside-inner-col{flex-direction:column;justify-content:center;}}<\/style>\n<div class=\"wp-block-kadence-column kadence-column97_14d57e-cd\"><div class=\"kt-inside-inner-col\"><\/div><\/div>\n\n<\/div><\/div>\n\n<style>.kb-row-layout-id97_16fd0b-67 > .kt-row-column-wrap{align-content:start;}:where(.kb-row-layout-id97_16fd0b-67 > .kt-row-column-wrap) > .wp-block-kadence-column{justify-content:start;}.kb-row-layout-id97_16fd0b-67 > .kt-row-column-wrap{column-gap:var(--global-kb-gap-md, 2rem);row-gap:var(--global-kb-gap-md, 2rem);max-width:700px;margin-left:auto;margin-right:auto;padding-top:var(--global-kb-spacing-xxl, 5rem);padding-bottom:var(--global-kb-spacing-xxl, 5rem);grid-template-columns:minmax(0, 1fr);}.kb-row-layout-id97_16fd0b-67{background-image:url('http:\/\/bcudspe.cluster121.hosting.ovh.net\/wp-content\/uploads\/2026\/02\/Example-Background-Image.jpg');background-size:cover;background-position:center center;background-attachment:scroll;background-repeat:no-repeat;}.kb-row-layout-id97_16fd0b-67 > .kt-row-layout-overlay{opacity:0.85;background-color:var(--global-palette4, #2D3748);}@media all and (max-width: 1024px){.kb-row-layout-id97_16fd0b-67 > .kt-row-column-wrap{grid-template-columns:minmax(0, 1fr);}}@media all and (max-width: 767px){.kb-row-layout-id97_16fd0b-67 > .kt-row-column-wrap{grid-template-columns:minmax(0, 1fr);}}<\/style><div class=\"kb-row-layout-wrap kb-row-layout-id97_16fd0b-67 alignfull has-theme-palette4-background-color kt-row-has-bg wp-block-kadence-rowlayout\"><div class=\"kt-row-layout-overlay kt-row-overlay-normal\"><\/div><div class=\"kt-row-column-wrap kt-has-1-columns kt-row-layout-equal kt-tab-layout-inherit kt-mobile-layout-row kt-row-valign-top\">\n<style>.kadence-column97_1c0a7c-86 > .kt-inside-inner-col,.kadence-column97_1c0a7c-86 > .kt-inside-inner-col:before{border-top-left-radius:0px;border-top-right-radius:0px;border-bottom-right-radius:0px;border-bottom-left-radius:0px;}.kadence-column97_1c0a7c-86 > .kt-inside-inner-col{column-gap:var(--global-kb-gap-sm, 1rem);}.kadence-column97_1c0a7c-86 > .kt-inside-inner-col{flex-direction:column;}.kadence-column97_1c0a7c-86 > .kt-inside-inner-col > .aligncenter{width:100%;}.kadence-column97_1c0a7c-86 > .kt-inside-inner-col:before{opacity:0.3;}.kadence-column97_1c0a7c-86{position:relative;}@media all and (max-width: 1024px){.kadence-column97_1c0a7c-86 > .kt-inside-inner-col{flex-direction:column;justify-content:center;}}@media all and (max-width: 767px){.kadence-column97_1c0a7c-86 > .kt-inside-inner-col{flex-direction:column;justify-content:center;}}<\/style>\n<div class=\"wp-block-kadence-column kadence-column97_1c0a7c-86 inner-column-1\"><div class=\"kt-inside-inner-col\"><style>.wp-block-kadence-advancedheading.kt-adv-heading97_ec7722-f1, .wp-block-kadence-advancedheading.kt-adv-heading97_ec7722-f1[data-kb-block=\"kb-adv-heading97_ec7722-f1\"]{text-align:center;font-style:normal;}.wp-block-kadence-advancedheading.kt-adv-heading97_ec7722-f1 mark.kt-highlight, .wp-block-kadence-advancedheading.kt-adv-heading97_ec7722-f1[data-kb-block=\"kb-adv-heading97_ec7722-f1\"] mark.kt-highlight{font-style:normal;color:#f76a0c;-webkit-box-decoration-break:clone;box-decoration-break:clone;padding-top:0px;padding-right:0px;padding-bottom:0px;padding-left:0px;}.wp-block-kadence-advancedheading.kt-adv-heading97_ec7722-f1 img.kb-inline-image, .wp-block-kadence-advancedheading.kt-adv-heading97_ec7722-f1[data-kb-block=\"kb-adv-heading97_ec7722-f1\"] img.kb-inline-image{width:150px;vertical-align:baseline;}<\/style>\n<h2 class=\"kt-adv-heading97_ec7722-f1 wp-block-kadence-advancedheading has-theme-palette-9-color has-text-color\" data-kb-block=\"kb-adv-heading97_ec7722-f1\">\u00c9cris-nous !<\/h2>\n\n\n<style>.wp-block-kadence-advancedheading.kt-adv-heading97_d74b6e-c2, .wp-block-kadence-advancedheading.kt-adv-heading97_d74b6e-c2[data-kb-block=\"kb-adv-heading97_d74b6e-c2\"]{max-width:550px;margin-right:auto;margin-left:auto;text-align:center;font-style:normal;}.wp-block-kadence-advancedheading.kt-adv-heading97_d74b6e-c2 mark.kt-highlight, .wp-block-kadence-advancedheading.kt-adv-heading97_d74b6e-c2[data-kb-block=\"kb-adv-heading97_d74b6e-c2\"] mark.kt-highlight{font-style:normal;color:#f76a0c;-webkit-box-decoration-break:clone;box-decoration-break:clone;padding-top:0px;padding-right:0px;padding-bottom:0px;padding-left:0px;}.wp-block-kadence-advancedheading.kt-adv-heading97_d74b6e-c2 img.kb-inline-image, .wp-block-kadence-advancedheading.kt-adv-heading97_d74b6e-c2[data-kb-block=\"kb-adv-heading97_d74b6e-c2\"] img.kb-inline-image{width:150px;vertical-align:baseline;}<\/style>\n<p class=\"kt-adv-heading97_d74b6e-c2 wp-block-kadence-advancedheading has-theme-palette-9-color has-text-color\" data-kb-block=\"kb-adv-heading97_d74b6e-c2\">Parle-nous de ton projet, de ton contexte ou de tes blocages actuels.<br>Plus tu es pr\u00e9cis\u00b7e, plus notre r\u00e9ponse pourra \u00eatre utile.<\/p>\n<\/div><\/div>\n\n\n<style>.kadence-column97_5731a0-4d > .kt-inside-inner-col,.kadence-column97_5731a0-4d > .kt-inside-inner-col:before{border-top-left-radius:0px;border-top-right-radius:0px;border-bottom-right-radius:0px;border-bottom-left-radius:0px;}.kadence-column97_5731a0-4d > .kt-inside-inner-col{column-gap:var(--global-kb-gap-sm, 1rem);}.kadence-column97_5731a0-4d > .kt-inside-inner-col{flex-direction:column;}.kadence-column97_5731a0-4d > .kt-inside-inner-col > .aligncenter{width:100%;}.kadence-column97_5731a0-4d > .kt-inside-inner-col:before{opacity:0.3;}.kadence-column97_5731a0-4d{position:relative;}@media all and (max-width: 1024px){.kadence-column97_5731a0-4d > .kt-inside-inner-col{flex-direction:column;justify-content:center;}}@media all and (max-width: 767px){.kadence-column97_5731a0-4d > .kt-inside-inner-col{flex-direction:column;justify-content:center;}}<\/style>\n<div class=\"wp-block-kadence-column kadence-column97_5731a0-4d\"><div class=\"kt-inside-inner-col\"><div class=\"wp-block-kadence-advanced-form wp-block-kadence-advanced-form196-cpt-id kb-adv-form-label-style-infield kb-adv-form-input-size-standard kb-form-basic-style wp-block-kadence-advanced-form\"><form id=\"kb-adv-form-196-cpt-id\" class=\"kb-advanced-form\" method=\"post\" data-error-message=\"Merci de remplir tous les champs requis correctement\">\n<style>.kb-row-layout-id96_9a14d0-eb > .kt-row-column-wrap{align-content:start;}:where(.kb-row-layout-id96_9a14d0-eb > .kt-row-column-wrap) > .wp-block-kadence-column{justify-content:start;}.kb-row-layout-id96_9a14d0-eb > .kt-row-column-wrap{column-gap:var(--global-kb-gap-md, 2rem);row-gap:var(--global-kb-gap-md, 2rem);padding-top:0px;padding-right:0px;padding-bottom:0px;padding-left:0px;grid-template-columns:repeat(2, minmax(0, 1fr));}.kb-row-layout-id96_9a14d0-eb > .kt-row-layout-overlay{opacity:0.30;}@media all and (max-width: 1024px){.kb-row-layout-id96_9a14d0-eb > .kt-row-column-wrap{grid-template-columns:repeat(2, minmax(0, 1fr));}}@media all and (max-width: 767px){.kb-row-layout-id96_9a14d0-eb > .kt-row-column-wrap{grid-template-columns:minmax(0, 1fr);}}<\/style><div class=\"kb-row-layout-wrap kb-row-layout-id96_9a14d0-eb alignnone wp-block-kadence-rowlayout\"><div class=\"kt-row-column-wrap kt-has-2-columns kt-row-layout-equal kt-tab-layout-inherit kt-mobile-layout-row kt-row-valign-top\">\n<style>.kadence-column96_04a4da-b1 > .kt-inside-inner-col,.kadence-column96_04a4da-b1 > .kt-inside-inner-col:before{border-top-left-radius:0px;border-top-right-radius:0px;border-bottom-right-radius:0px;border-bottom-left-radius:0px;}.kadence-column96_04a4da-b1 > .kt-inside-inner-col{column-gap:var(--global-kb-gap-sm, 1rem);}.kadence-column96_04a4da-b1 > .kt-inside-inner-col{flex-direction:column;}.kadence-column96_04a4da-b1 > .kt-inside-inner-col > .aligncenter{width:100%;}.kadence-column96_04a4da-b1 > .kt-inside-inner-col:before{opacity:0.3;}.kadence-column96_04a4da-b1{position:relative;}@media all and (max-width: 1024px){.kadence-column96_04a4da-b1 > .kt-inside-inner-col{flex-direction:column;justify-content:center;}}@media all and (max-width: 767px){.kadence-column96_04a4da-b1 > .kt-inside-inner-col{flex-direction:column;justify-content:center;}}<\/style>\n<div class=\"wp-block-kadence-column kadence-column96_04a4da-b1\"><div class=\"kt-inside-inner-col\"><div class=\"kb-adv-form-field kb-adv-form-text-type-input kb-adv-form-infield-type-input kb-field196cdf45e-12 wp-block-kadence-advanced-form-text\"><label class=\"kb-adv-form-label\" for=\"field196cdf45e-12\">Pr\u00e9nom<\/label><input name=\"fieldcdf45e-12\" id=\"field196cdf45e-12\" data-label=\"Pr\u00e9nom\" type=\"text\" placeholder=\"\" value=\"\" data-type=\"text\" class=\"kb-field kb-text-field\" data-required=\"no\" \/><\/div><\/div><\/div>\n\n\n<style>.kadence-column96_907ce1-40 > .kt-inside-inner-col,.kadence-column96_907ce1-40 > .kt-inside-inner-col:before{border-top-left-radius:0px;border-top-right-radius:0px;border-bottom-right-radius:0px;border-bottom-left-radius:0px;}.kadence-column96_907ce1-40 > .kt-inside-inner-col{column-gap:var(--global-kb-gap-sm, 1rem);}.kadence-column96_907ce1-40 > .kt-inside-inner-col{flex-direction:column;}.kadence-column96_907ce1-40 > .kt-inside-inner-col > .aligncenter{width:100%;}.kadence-column96_907ce1-40 > .kt-inside-inner-col:before{opacity:0.3;}.kadence-column96_907ce1-40{position:relative;}@media all and (max-width: 1024px){.kadence-column96_907ce1-40 > .kt-inside-inner-col{flex-direction:column;justify-content:center;}}@media all and (max-width: 767px){.kadence-column96_907ce1-40 > .kt-inside-inner-col{flex-direction:column;justify-content:center;}}<\/style>\n<div class=\"wp-block-kadence-column kadence-column96_907ce1-40\"><div class=\"kt-inside-inner-col\"><div class=\"kb-adv-form-field kb-adv-form-text-type-input kb-adv-form-infield-type-input kb-field1969aaa61-63 wp-block-kadence-advanced-form-email\"><label class=\"kb-adv-form-label\" for=\"field1969aaa61-63\">Email<span class=\"kb-adv-form-required\">*<\/span><\/label><input name=\"field9aaa61-63\" id=\"field1969aaa61-63\" data-label=\"Email\" type=\"email\" placeholder=\"\" value=\"\" data-type=\"email\" class=\"kb-field kb-email-field\" data-required=\"yes\" required aria-required=\"true\"\/><\/div><\/div><\/div>\n\n<\/div><\/div>\n\n<div class=\"kb-adv-form-field kb-adv-form-text-type-input kb-adv-form-infield-type-input kb-field1965bd8e5-cb wp-block-kadence-advanced-form-textarea\"><label class=\"kb-adv-form-label\" for=\"field1965bd8e5-cb\">Message<span class=\"kb-adv-form-required\">*<\/span><\/label><textarea name=\"field5bd8e5-cb\" id=\"field1965bd8e5-cb\" rows=\"3\"  data-label=\"Message\" placeholder=\"\" data-type=\"textarea\" class=\"kb-field kb-textarea-field\" data-required=\"yes\" required aria-required=\"true\"><\/textarea><\/div>\n\n<style>ul.menu .kb-submit-field .kb-btn01fe6b-73.kb-button{width:initial;}.kb-submit-field.kb-field01fe6b-73{justify-content:flex-start;}<\/style><div class=\"kb-adv-form-field kb-submit-field kb-field01fe6b-73 wp-block-kadence-advanced-form-submit\"><button class=\"kb-button kt-button button kb-adv-form-submit-button kb-btn01fe6b-73 kt-btn-size-standard kt-btn-width-type-auto kb-btn-global-fill kt-btn-has-text-true kt-btn-has-svg-false\" type=\"submit\"><span class=\"kt-btn-inner-text\">Envoyer<\/span><\/button><\/div>\n<input type=\"hidden\" name=\"_kb_adv_form_post_id\" value=\"196\"><input type=\"hidden\" name=\"action\" value=\"kb_process_advanced_form_submit\"><input type=\"hidden\" name=\"_kb_adv_form_id\" value=\"196-cpt-id\"><\/form><\/div><\/div><\/div>\n\n<\/div><\/div>","protected":false},"excerpt":{"rendered":"<p>Prenons contact ! Cr\u00e9er des actions qui comptent commence par une conversation. Parlons de ton projet Tu as une id\u00e9e d\u2019atelier, une formation \u00e0 cr\u00e9er ou \u00e0 am\u00e9liorer ?Tu cherches un regard ext\u00e9rieur pour renforcer l\u2019impact de tes actions ? Engage Lab&rsquo; est l\u00e0 pour t&rsquo;aider. \u00c9cris-nous ! Parle-nous de ton projet, de ton contexte&#8230;<\/p>\n","protected":false},"author":1,"featured_media":0,"parent":0,"menu_order":0,"comment_status":"closed","ping_status":"closed","template":"","meta":{"_kadence_starter_templates_imported_post":true,"_kad_post_transparent":"","_kad_post_title":"hide","_kad_post_layout":"fullwidth","_kad_post_sidebar_id":"","_kad_post_content_style":"unboxed","_kad_post_vertical_padding":"hide","_kad_post_feature":"hide","_kad_post_feature_position":"","_kad_post_header":false,"_kad_post_footer":false,"_kad_post_classname":"","footnotes":""},"class_list":["post-97","page","type-page","status-publish","hentry"],"jetpack_sharing_enabled":true,"_links":{"self":[{"href":"http:\/\/engage-lab.fr\/index.php\/wp-json\/wp\/v2\/pages\/97","targetHints":{"allow":["GET"]}}],"collection":[{"href":"http:\/\/engage-lab.fr\/index.php\/wp-json\/wp\/v2\/pages"}],"about":[{"href":"http:\/\/engage-lab.fr\/index.php\/wp-json\/wp\/v2\/types\/page"}],"author":[{"embeddable":true,"href":"http:\/\/engage-lab.fr\/index.php\/wp-json\/wp\/v2\/users\/1"}],"replies":[{"embeddable":true,"href":"http:\/\/engage-lab.fr\/index.php\/wp-json\/wp\/v2\/comments?post=97"}],"version-history":[{"count":3,"href":"http:\/\/engage-lab.fr\/index.php\/wp-json\/wp\/v2\/pages\/97\/revisions"}],"predecessor-version":[{"id":230,"href":"http:\/\/engage-lab.fr\/index.php\/wp-json\/wp\/v2\/pages\/97\/revisions\/230"}],"wp:attachment":[{"href":"http:\/\/engage-lab.fr\/index.php\/wp-json\/wp\/v2\/media?parent=97"}],"curies":[{"name":"wp","href":"https:\/\/api.w.org\/{rel}","templated":true}]}}